{"id":3555,"date":"2025-02-03T12:22:55","date_gmt":"2025-02-03T12:22:55","guid":{"rendered":"https:\/\/gencdoganyapi.com\/?page_id=3555"},"modified":"2025-05-20T11:39:15","modified_gmt":"2025-05-20T11:39:15","slug":"satin-alanlar","status":"publish","type":"page","link":"https:\/\/gencdoganyapi.com\/index.php\/satin-alanlar\/","title":{"rendered":"Sat\u0131n Alanlar"},"content":{"rendered":"\t\t<div data-elementor-type=\"wp-page\" data-elementor-id=\"3555\" class=\"elementor elementor-3555\" data-elementor-post-type=\"page\">\n\t\t\t\t\t\t<section class=\"elementor-section elementor-top-section elementor-element elementor-element-58bd95be elementor-section-height-min-height elementor-section-boxed elementor-section-height-default elementor-section-items-middle\" data-id=\"58bd95be\" data-element_type=\"section\" data-settings=\"{&quot;background_background&quot;:&quot;classic&quot;}\">\n\t\t\t\t\t\t\t<div class=\"elementor-background-overlay\"><\/div>\n\t\t\t\t\t\t\t<div class=\"elementor-container elementor-column-gap-wider\">\n\t\t\t\t\t<div class=\"elementor-column elementor-col-100 elementor-top-column elementor-element elementor-element-628e493\" data-id=\"628e493\" data-element_type=\"column\">\n\t\t\t<div class=\"elementor-widget-wrap elementor-element-populated\">\n\t\t\t\t\t\t<div class=\"elementor-element elementor-element-b144dce animated-slow elementor-invisible elementor-widget elementor-widget-heading\" data-id=\"b144dce\" data-element_type=\"widget\" data-settings=\"{&quot;_animation&quot;:&quot;fadeInUp&quot;}\" data-widget_type=\"heading.default\">\n\t\t\t\t<div class=\"elementor-widget-container\">\n\t\t\t\t\t<h1 class=\"elementor-heading-title elementor-size-default\">Sat\u0131n Alanlar<\/h1>\t\t\t\t<\/div>\n\t\t\t\t<\/div>\n\t\t\t\t<div class=\"elementor-element elementor-element-3d06e95 animated-slow elementor-align-left elementor-icon-list--layout-traditional elementor-list-item-link-full_width elementor-invisible elementor-widget elementor-widget-icon-list\" data-id=\"3d06e95\" data-element_type=\"widget\" data-settings=\"{&quot;_animation&quot;:&quot;fadeInUp&quot;}\" data-widget_type=\"icon-list.default\">\n\t\t\t\t<div class=\"elementor-widget-container\">\n\t\t\t\t\t\t\t<ul class=\"elementor-icon-list-items\">\n\t\t\t\t\t\t\t<li class=\"elementor-icon-list-item\">\n\t\t\t\t\t\t\t\t\t\t\t<span class=\"elementor-icon-list-icon\">\n\t\t\t\t\t\t\t<svg aria-hidden=\"true\" class=\"e-font-icon-svg e-far-building\" viewBox=\"0 0 448 512\" xmlns=\"http:\/\/www.w3.org\/2000\/svg\"><path d=\"M128 148v-40c0-6.6 5.4-12 12-12h40c6.6 0 12 5.4 12 12v40c0 6.6-5.4 12-12 12h-40c-6.6 0-12-5.4-12-12zm140 12h40c6.6 0 12-5.4 12-12v-40c0-6.6-5.4-12-12-12h-40c-6.6 0-12 5.4-12 12v40c0 6.6 5.4 12 12 12zm-128 96h40c6.6 0 12-5.4 12-12v-40c0-6.6-5.4-12-12-12h-40c-6.6 0-12 5.4-12 12v40c0 6.6 5.4 12 12 12zm128 0h40c6.6 0 12-5.4 12-12v-40c0-6.6-5.4-12-12-12h-40c-6.6 0-12 5.4-12 12v40c0 6.6 5.4 12 12 12zm-76 84v-40c0-6.6-5.4-12-12-12h-40c-6.6 0-12 5.4-12 12v40c0 6.6 5.4 12 12 12h40c6.6 0 12-5.4 12-12zm76 12h40c6.6 0 12-5.4 12-12v-40c0-6.6-5.4-12-12-12h-40c-6.6 0-12 5.4-12 12v40c0 6.6 5.4 12 12 12zm180 124v36H0v-36c0-6.6 5.4-12 12-12h19.5V24c0-13.3 10.7-24 24-24h337c13.3 0 24 10.7 24 24v440H436c6.6 0 12 5.4 12 12zM79.5 463H192v-67c0-6.6 5.4-12 12-12h40c6.6 0 12 5.4 12 12v67h112.5V49L80 48l-.5 415z\"><\/path><\/svg>\t\t\t\t\t\t<\/span>\n\t\t\t\t\t\t\t\t\t\t<span class=\"elementor-icon-list-text\">Gen\u00e7Do\u011fan Construction<\/span>\n\t\t\t\t\t\t\t\t\t<\/li>\n\t\t\t\t\t\t<\/ul>\n\t\t\t\t\t\t<\/div>\n\t\t\t\t<\/div>\n\t\t\t\t\t<\/div>\n\t\t<\/div>\n\t\t\t\t\t<\/div>\n\t\t<\/section>\n\t\t\t\t<section class=\"elementor-section elementor-top-section elementor-element elementor-element-53acdf7 elementor-section-boxed elementor-section-height-default elementor-section-height-default\" data-id=\"53acdf7\" data-element_type=\"section\" data-settings=\"{&quot;background_background&quot;:&quot;classic&quot;}\">\n\t\t\t\t\t\t\t<div class=\"elementor-background-overlay\"><\/div>\n\t\t\t\t\t\t\t<div class=\"elementor-container elementor-column-gap-default\">\n\t\t\t\t\t<div class=\"elementor-column elementor-col-100 elementor-top-column elementor-element elementor-element-6ae930c\" data-id=\"6ae930c\" data-element_type=\"column\">\n\t\t\t<div class=\"elementor-widget-wrap elementor-element-populated\">\n\t\t\t\t\t\t<div class=\"elementor-element elementor-element-f97afbd elementor-widget elementor-widget-image\" data-id=\"f97afbd\" data-element_type=\"widget\" data-widget_type=\"image.default\">\n\t\t\t\t<div class=\"elementor-widget-container\">\n\t\t\t\t\t\t\t\t\t\t\t\t\t\t\t<img fetchpriority=\"high\" decoding=\"async\" width=\"300\" height=\"169\" src=\"\/cdn-cgi\/image\/width=300,height=169,fit=crop,quality=80,format=auto,onerror=redirect,metadata=none\/wp-content\/uploads\/2025\/01\/Adsiz-tasarim-1-Photoroom.png\" class=\"attachment-medium size-medium wp-image-3059\" alt=\"\" srcset=\"\/cdn-cgi\/image\/width=1280,height=723,fit=crop,quality=80,format=auto,onerror=redirect,metadata=none\/wp-content\/uploads\/2025\/01\/Adsiz-tasarim-1-Photoroom.png 1280w, \/cdn-cgi\/image\/width=300,height=169,fit=crop,quality=80,format=auto,onerror=redirect,metadata=none\/wp-content\/uploads\/2025\/01\/Adsiz-tasarim-1-Photoroom.png 300w, \/cdn-cgi\/image\/width=1024,height=578,fit=crop,quality=80,format=auto,onerror=redirect,metadata=none\/wp-content\/uploads\/2025\/01\/Adsiz-tasarim-1-Photoroom.png 1024w, \/cdn-cgi\/image\/width=768,height=434,fit=crop,quality=80,format=auto,onerror=redirect,metadata=none\/wp-content\/uploads\/2025\/01\/Adsiz-tasarim-1-Photoroom.png 768w, \/cdn-cgi\/image\/width=1062,height=600,fit=crop,quality=80,format=auto,onerror=redirect,metadata=none\/wp-content\/uploads\/2025\/01\/Adsiz-tasarim-1-Photoroom.png 1062w, \/cdn-cgi\/image\/width=496,height=280,fit=crop,quality=80,format=auto,onerror=redirect,metadata=none\/wp-content\/uploads\/2025\/01\/Adsiz-tasarim-1-Photoroom.png 496w\" sizes=\"(max-width: 300px) 100vw, 300px\" \/>\t\t\t\t\t\t\t\t\t\t\t\t\t\t\t<\/div>\n\t\t\t\t<\/div>\n\t\t\t\t\t<\/div>\n\t\t<\/div>\n\t\t\t\t\t<\/div>\n\t\t<\/section>\n\t\t<div class=\"elementor-element elementor-element-9cc5a1a e-flex e-con-boxed e-con e-parent\" data-id=\"9cc5a1a\" data-element_type=\"container\">\n\t\t\t\t\t<div class=\"e-con-inner\">\n\t\t<div class=\"elementor-element elementor-element-2ce3dcc e-con-full e-flex e-con e-child\" data-id=\"2ce3dcc\" data-element_type=\"container\">\n\t\t\t\t<div class=\"elementor-element elementor-element-bf25e81 elementor-widget elementor-widget-image\" data-id=\"bf25e81\" data-element_type=\"widget\" data-widget_type=\"image.default\">\n\t\t\t\t<div class=\"elementor-widget-container\">\n\t\t\t\t\t\t\t\t\t\t\t\t\t\t\t<img decoding=\"async\" width=\"416\" height=\"416\" src=\"\/cdn-cgi\/image\/width=416,height=416,fit=crop,quality=80,format=auto,onerror=redirect,metadata=none\/wp-content\/uploads\/2025\/02\/Resim4.jpg\" class=\"attachment-large size-large wp-image-3557\" alt=\"\" srcset=\"\/cdn-cgi\/image\/width=416,height=416,fit=crop,quality=80,format=auto,onerror=redirect,metadata=none\/wp-content\/uploads\/2025\/02\/Resim4.jpg 416w, \/cdn-cgi\/image\/width=300,height=300,fit=crop,quality=80,format=auto,onerror=redirect,metadata=none\/wp-content\/uploads\/2025\/02\/Resim4.jpg 300w, \/cdn-cgi\/image\/width=150,height=150,fit=crop,quality=80,format=auto,onerror=redirect,metadata=none\/wp-content\/uploads\/2025\/02\/Resim4.jpg 150w\" sizes=\"(max-width: 416px) 100vw, 416px\" \/>\t\t\t\t\t\t\t\t\t\t\t\t\t\t\t<\/div>\n\t\t\t\t<\/div>\n\t\t\t\t<div class=\"elementor-element elementor-element-870f5c2 elementor-widget elementor-widget-heading\" data-id=\"870f5c2\" data-element_type=\"widget\" data-widget_type=\"heading.default\">\n\t\t\t\t<div class=\"elementor-widget-container\">\n\t\t\t\t\t<h5 class=\"elementor-heading-title elementor-size-default\">FUAT \u00d6Z\u00c7EKER<\/br>\nJEOLOJI M\u00dcHENDISI\n <\/br><\/br>\n\u201cGen\u00e7do\u011fan Yap\u0131\u2019n\u0131n yeni projesinden bir daire i\u00e7in s\u00f6zle\u015fme imzalad\u0131k. Proje detaylar\u0131 ve planlar\u0131 ger\u00e7ekten \u00e7ok etkileyici. Kullan\u0131lan malzemelerin kalitesine ve firman\u0131n profesyonel yakla\u015f\u0131m\u0131na g\u00fcveniyoruz. S\u00fcrecin ba\u015f\u0131ndan itibaren bize her konuda \u015feffaf bir \u015fekilde bilgi verdiler.\u201d\n<\/h5>\t\t\t\t<\/div>\n\t\t\t\t<\/div>\n\t\t\t\t<\/div>\n\t\t<div class=\"elementor-element elementor-element-95c4e23 e-con-full e-flex e-con e-child\" data-id=\"95c4e23\" data-element_type=\"container\">\n\t\t\t\t<div class=\"elementor-element elementor-element-7ba1835 elementor-widget elementor-widget-image\" data-id=\"7ba1835\" data-element_type=\"widget\" data-widget_type=\"image.default\">\n\t\t\t\t<div class=\"elementor-widget-container\">\n\t\t\t\t\t\t\t\t\t\t\t\t\t\t\t<img decoding=\"async\" width=\"416\" height=\"416\" src=\"\/cdn-cgi\/image\/width=416,height=416,fit=crop,quality=80,format=auto,onerror=redirect,metadata=none\/wp-content\/uploads\/2025\/02\/Resim6.jpg\" class=\"attachment-large size-large wp-image-3559\" alt=\"\" srcset=\"\/cdn-cgi\/image\/width=416,height=416,fit=crop,quality=80,format=auto,onerror=redirect,metadata=none\/wp-content\/uploads\/2025\/02\/Resim6.jpg 416w, \/cdn-cgi\/image\/width=300,height=300,fit=crop,quality=80,format=auto,onerror=redirect,metadata=none\/wp-content\/uploads\/2025\/02\/Resim6.jpg 300w, \/cdn-cgi\/image\/width=150,height=150,fit=crop,quality=80,format=auto,onerror=redirect,metadata=none\/wp-content\/uploads\/2025\/02\/Resim6.jpg 150w\" sizes=\"(max-width: 416px) 100vw, 416px\" \/>\t\t\t\t\t\t\t\t\t\t\t\t\t\t\t<\/div>\n\t\t\t\t<\/div>\n\t\t\t\t<div class=\"elementor-element elementor-element-7e448b2 elementor-widget elementor-widget-heading\" data-id=\"7e448b2\" data-element_type=\"widget\" data-widget_type=\"heading.default\">\n\t\t\t\t<div class=\"elementor-widget-container\">\n\t\t\t\t\t<h5 class=\"elementor-heading-title elementor-size-default\">PROF. DR. MUSTAFA ARGA<\/br>\nDoktor\n <\/br><\/br>\n\u201cGen\u00e7do\u011fan Yap\u0131\u2019dan bir daire sat\u0131n ald\u0131m ve ger\u00e7ekten \u00e7ok memnunum. \u0130n\u015faat kalitesi \u00e7ok iyi, teslimat s\u00fcresi tam zaman\u0131nda ger\u00e7ekle\u015fece\u011fine \u015f\u00fcphem yok. \u00d6zellikle kullan\u0131lan malzemelerin kalitesi ve modern tasar\u0131m bizi \u00e7ok etkiledi. G\u00fcvenilir bir firma, herkese tavsiye ederim.\u201d\n<\/h5>\t\t\t\t<\/div>\n\t\t\t\t<\/div>\n\t\t\t\t<\/div>\n\t\t<div class=\"elementor-element elementor-element-948afec e-con-full e-flex e-con e-child\" data-id=\"948afec\" data-element_type=\"container\">\n\t\t\t\t<div class=\"elementor-element elementor-element-e228055 elementor-widget elementor-widget-image\" data-id=\"e228055\" data-element_type=\"widget\" data-widget_type=\"image.default\">\n\t\t\t\t<div class=\"elementor-widget-container\">\n\t\t\t\t\t\t\t\t\t\t\t\t\t\t\t<img loading=\"lazy\" decoding=\"async\" width=\"416\" height=\"416\" src=\"\/cdn-cgi\/image\/width=416,height=416,fit=crop,quality=80,format=auto,onerror=redirect,metadata=none\/wp-content\/uploads\/2025\/02\/Resim8.jpg\" class=\"attachment-large size-large wp-image-3564\" alt=\"\" srcset=\"\/cdn-cgi\/image\/width=416,height=416,fit=crop,quality=80,format=auto,onerror=redirect,metadata=none\/wp-content\/uploads\/2025\/02\/Resim8.jpg 416w, \/cdn-cgi\/image\/width=300,height=300,fit=crop,quality=80,format=auto,onerror=redirect,metadata=none\/wp-content\/uploads\/2025\/02\/Resim8.jpg 300w, \/cdn-cgi\/image\/width=150,height=150,fit=crop,quality=80,format=auto,onerror=redirect,metadata=none\/wp-content\/uploads\/2025\/02\/Resim8.jpg 150w\" sizes=\"(max-width: 416px) 100vw, 416px\" \/>\t\t\t\t\t\t\t\t\t\t\t\t\t\t\t<\/div>\n\t\t\t\t<\/div>\n\t\t\t\t<div class=\"elementor-element elementor-element-f2bebf0 elementor-widget elementor-widget-heading\" data-id=\"f2bebf0\" data-element_type=\"widget\" data-widget_type=\"heading.default\">\n\t\t\t\t<div class=\"elementor-widget-container\">\n\t\t\t\t\t<h5 class=\"elementor-heading-title elementor-size-default\">ENDER ARGA<\/br>\nI\u015e ADAMI<\/br>\n <\/br>\u201cGen\u00e7do\u011fan Yap\u0131\u2019dan ald\u0131\u011f\u0131m\u0131z konut beklentimizin \u00e7ok \u00fcst\u00fcnde . Projelerinde hem g\u00fcvenli\u011fi hem de modern mimariyi \u00f6n planda tutuyorlar.\u00c7etin bey e olan inanc\u0131m\u0131zdan \u00f6t\u00fcr\u00fc g\u00f6z\u00fc kapal\u0131 ald\u0131m evi. Kesinlikle g\u00fcvenilir ve i\u015finin ehli bir firma.\u201d\n<\/h5>\t\t\t\t<\/div>\n\t\t\t\t<\/div>\n\t\t\t\t<\/div>\n\t\t\t\t\t<\/div>\n\t\t\t\t<\/div>\n\t\t<div class=\"elementor-element elementor-element-3c0e952 e-flex e-con-boxed e-con e-parent\" data-id=\"3c0e952\" data-element_type=\"container\">\n\t\t\t\t\t<div class=\"e-con-inner\">\n\t\t\t\t\t<\/div>\n\t\t\t\t<\/div>\n\t\t\t\t<section class=\"elementor-section elementor-top-section elementor-element elementor-element-918d019 elementor-section-boxed elementor-section-height-default elementor-section-height-default\" data-id=\"918d019\" data-element_type=\"section\" data-settings=\"{&quot;background_background&quot;:&quot;classic&quot;}\">\n\t\t\t\t\t\t<div class=\"elementor-container elementor-column-gap-default\">\n\t\t\t\t\t<div class=\"elementor-column elementor-col-100 elementor-top-column elementor-element elementor-element-98f14ae\" data-id=\"98f14ae\" data-element_type=\"column\">\n\t\t\t<div class=\"elementor-widget-wrap elementor-element-populated\">\n\t\t\t\t\t\t<div class=\"elementor-element elementor-element-4e30129 elementor-widget elementor-widget-spacer\" data-id=\"4e30129\" data-element_type=\"widget\" data-widget_type=\"spacer.default\">\n\t\t\t\t<div class=\"elementor-widget-container\">\n\t\t\t\t\t\t\t<div class=\"elementor-spacer\">\n\t\t\t<div class=\"elementor-spacer-inner\"><\/div>\n\t\t<\/div>\n\t\t\t\t\t\t<\/div>\n\t\t\t\t<\/div>\n\t\t\t\t<div class=\"elementor-element elementor-element-92aa22d elementor-widget-divider--view-line elementor-widget elementor-widget-divider\" data-id=\"92aa22d\" data-element_type=\"widget\" data-widget_type=\"divider.default\">\n\t\t\t\t<div class=\"elementor-widget-container\">\n\t\t\t\t\t\t\t<div class=\"elementor-divider\">\n\t\t\t<span class=\"elementor-divider-separator\">\n\t\t\t\t\t\t<\/span>\n\t\t<\/div>\n\t\t\t\t\t\t<\/div>\n\t\t\t\t<\/div>\n\t\t\t\t<section class=\"elementor-section elementor-inner-section elementor-element elementor-element-24f2d5d elementor-section-full_width elementor-section-content-middle elementor-section-height-default elementor-section-height-default\" data-id=\"24f2d5d\" data-element_type=\"section\">\n\t\t\t\t\t\t<div class=\"elementor-container elementor-column-gap-default\">\n\t\t\t\t\t<div class=\"elementor-column elementor-col-33 elementor-inner-column elementor-element elementor-element-3d549c5\" data-id=\"3d549c5\" data-element_type=\"column\">\n\t\t\t<div class=\"elementor-widget-wrap elementor-element-populated\">\n\t\t\t\t\t\t<div class=\"elementor-element elementor-element-2d7196f animated-slow elementor-invisible elementor-widget elementor-widget-heading\" data-id=\"2d7196f\" data-element_type=\"widget\" data-settings=\"{&quot;_animation&quot;:&quot;fadeInUp&quot;}\" data-widget_type=\"heading.default\">\n\t\t\t\t<div class=\"elementor-widget-container\">\n\t\t\t\t\t<h2 class=\"elementor-heading-title elementor-size-default\">Bizimle ileti\u015fime Ge\u00e7in!<\/h2>\t\t\t\t<\/div>\n\t\t\t\t<\/div>\n\t\t\t\t<div class=\"elementor-element elementor-element-a527d38 animated-slow elementor-invisible elementor-widget elementor-widget-heading\" data-id=\"a527d38\" data-element_type=\"widget\" data-settings=\"{&quot;_animation&quot;:&quot;fadeInUp&quot;}\" data-widget_type=\"heading.default\">\n\t\t\t\t<div class=\"elementor-widget-container\">\n\t\t\t\t\t<div class=\"elementor-heading-title elementor-size-default\">Glorious Life, ev al\u0131c\u0131lar\u0131 i\u00e7in tam anlam\u0131yla bir r\u00fcya olarak kar\u015f\u0131m\u0131za \u00e7\u0131k\u0131yor. Do\u011fan\u0131n kucaklay\u0131c\u0131l\u0131\u011f\u0131 i\u00e7inde, etkileyici ve g\u00fczel manzaralara do\u011fa ile deniz bir arada olan bu e\u015fsiz ortamda huzuru ve g\u00fczelli\u011fi bir arada sunuyor.<\/div>\t\t\t\t<\/div>\n\t\t\t\t<\/div>\n\t\t\t\t<div class=\"elementor-element elementor-element-eaaa368 animated-slow elementor-icon-list--layout-traditional elementor-list-item-link-full_width elementor-invisible elementor-widget elementor-widget-icon-list\" data-id=\"eaaa368\" data-element_type=\"widget\" data-settings=\"{&quot;_animation&quot;:&quot;fadeInUp&quot;}\" data-widget_type=\"icon-list.default\">\n\t\t\t\t<div class=\"elementor-widget-container\">\n\t\t\t\t\t\t\t<ul class=\"elementor-icon-list-items\">\n\t\t\t\t\t\t\t<li class=\"elementor-icon-list-item\">\n\t\t\t\t\t\t\t\t\t\t\t<span class=\"elementor-icon-list-icon\">\n\t\t\t\t\t\t\t<svg xmlns=\"http:\/\/www.w3.org\/2000\/svg\" id=\"Outline_Version\" data-name=\"Outline Version\" viewBox=\"0 0 24 24\"><title>messaging-whatsapp<\/title><path d=\"M14.26,18.51l.43,0a4.23,4.23,0,0,0,3.87-2.17,2.11,2.11,0,0,0,.15-2.08h0a1.53,1.53,0,0,0-.73-.55l-.14-.07s-1.73-.85-2.09-1a1.2,1.2,0,0,0-1.54.43c-.17.25-.35.51-.48.68a8.27,8.27,0,0,1-3.57-3l.23-.21A1.52,1.52,0,0,0,10.8,10a1.26,1.26,0,0,0,0-1.19c-.06-.12-.3-.72-.54-1.28l-.35-.84a1.65,1.65,0,0,0-1.29-1,2.18,2.18,0,0,0-2,.58,5.14,5.14,0,0,0-1,5.67A11.19,11.19,0,0,0,14.26,18.51ZM7.74,7.36a.68.68,0,0,1,.45-.14h0a.64.64,0,0,1,.32.07l.35.84c.21.51.43,1,.54,1.28l0,0L9,9.8a1.14,1.14,0,0,0-.25,1.51,9.76,9.76,0,0,0,4.45,3.88,1.18,1.18,0,0,0,1.53-.25c.18-.21.45-.58.61-.82.33.14,1.26.59,1.84.88l.16.08.09,0a1.19,1.19,0,0,1-.17.5A2.81,2.81,0,0,1,14.37,17a9.67,9.67,0,0,1-7.31-5.55A3.63,3.63,0,0,1,7.74,7.36Z\"><\/path><path d=\"M.77,22.36a.75.75,0,0,0,.94,1L5.7,22A12,12,0,0,0,24,11.91a12,12,0,0,0-24,0,11.75,11.75,0,0,0,2.06,6.67Zm.72-10.45A10.5,10.5,0,1,1,12,22.32,10.5,10.5,0,0,1,6.22,20.6a.75.75,0,0,0-.64-.09l-2.91.92L3.6,18.7A.75.75,0,0,0,3.49,18,10.27,10.27,0,0,1,1.49,11.91Z\"><\/path><\/svg>\t\t\t\t\t\t<\/span>\n\t\t\t\t\t\t\t\t\t\t<span class=\"elementor-icon-list-text\">+90 533 127 79 05<\/span>\n\t\t\t\t\t\t\t\t\t<\/li>\n\t\t\t\t\t\t\t\t<li class=\"elementor-icon-list-item\">\n\t\t\t\t\t\t\t\t\t\t\t<span class=\"elementor-icon-list-icon\">\n\t\t\t\t\t\t\t<svg xmlns=\"http:\/\/www.w3.org\/2000\/svg\" xmlns:xlink=\"http:\/\/www.w3.org\/1999\/xlink\" id=\"Layer_1\" x=\"0px\" y=\"0px\" viewBox=\"0 0 24 24\" style=\"enable-background:new 0 0 24 24;\" xml:space=\"preserve\"><title>pin<\/title><g>\t<path d=\"M12,12.75c-2.481,0-4.5-2.019-4.5-4.5s2.019-4.5,4.5-4.5c2.481,0,4.5,2.019,4.5,4.5S14.481,12.75,12,12.75z M12,5.25   c-1.654,0-3,1.346-3,3s1.346,3,3,3c1.654,0,3-1.346,3-3S13.654,5.25,12,5.25z\"><\/path>\t<path d=\"M11.998,24.001c-0.294,0-0.58-0.087-0.827-0.25c-0.168-0.111-0.309-0.253-0.421-0.421   c-0.702-1.057-2.448-3.866-4.039-6.925C4.746,12.625,3.75,9.882,3.75,8.25C3.75,3.701,7.451,0,12,0s8.25,3.701,8.25,8.25   c0,1.631-0.996,4.375-2.961,8.155c-1.59,3.058-3.337,5.867-4.039,6.925c-0.221,0.334-0.56,0.562-0.952,0.641   C12.199,23.991,12.098,24.001,11.998,24.001z M12,1.5c-3.722,0-6.75,3.028-6.75,6.75c0,2.88,4.396,10.702,6.75,14.25   c2.354-3.548,6.75-11.371,6.75-14.25C18.75,4.529,15.722,1.5,12,1.5z\"><\/path><\/g><\/svg>\t\t\t\t\t\t<\/span>\n\t\t\t\t\t\t\t\t\t\t<span class=\"elementor-icon-list-text\">Boysal \u00c7etinba\u011fl\u0131 \u00dcmit burnu Kar\u015f\u0131yaka\/Girne<\/span>\n\t\t\t\t\t\t\t\t\t<\/li>\n\t\t\t\t\t\t<\/ul>\n\t\t\t\t\t\t<\/div>\n\t\t\t\t<\/div>\n\t\t\t\t<div class=\"elementor-element elementor-element-887f80c elementor-widget elementor-widget-spacer\" data-id=\"887f80c\" data-element_type=\"widget\" data-widget_type=\"spacer.default\">\n\t\t\t\t<div class=\"elementor-widget-container\">\n\t\t\t\t\t\t\t<div class=\"elementor-spacer\">\n\t\t\t<div class=\"elementor-spacer-inner\"><\/div>\n\t\t<\/div>\n\t\t\t\t\t\t<\/div>\n\t\t\t\t<\/div>\n\t\t\t\t\t<\/div>\n\t\t<\/div>\n\t\t\t\t<div class=\"elementor-column elementor-col-33 elementor-inner-column elementor-element elementor-element-d670fcb\" data-id=\"d670fcb\" data-element_type=\"column\">\n\t\t\t<div class=\"elementor-widget-wrap\">\n\t\t\t\t\t\t\t<\/div>\n\t\t<\/div>\n\t\t\t\t<div class=\"elementor-column elementor-col-33 elementor-inner-column elementor-element elementor-element-9696a74\" data-id=\"9696a74\" data-element_type=\"column\">\n\t\t\t<div class=\"elementor-widget-wrap elementor-element-populated\">\n\t\t\t\t\t\t<div class=\"elementor-element elementor-element-25a56db elementor-button-align-stretch elementor-widget elementor-widget-houzez_elementor_contact_form\" data-id=\"25a56db\" data-element_type=\"widget\" data-widget_type=\"houzez_elementor_contact_form.default\">\n\t\t\t\t<div class=\"elementor-widget-container\">\n\t\t\t\t\t\n        <script type=\"application\/javascript\">\n            jQuery(document).bind(\"ready\", function () {\n                houzezValidateElementor(\"#houzez-form-25a56db\" );\n            });\n        <\/script>\n\n        <form class=\"elementor-form houzez-ele-form-js\" id=\"houzez-form-25a56db\" method=\"post\" name=\"New Form\" action=\"https:\/\/gencdoganyapi.com\/wp-admin\/admin-ajax.php\">\n            <input type=\"hidden\" name=\"form_id\" value=\"25a56db\"\/>\n            <input type=\"hidden\" name=\"houzez_contact_form\" value=\"yes\"\/>\n            <input type=\"hidden\" name=\"action\" value=\"houzez_ele_contact_form\" \/>\n            <input type=\"hidden\" name=\"source_link\" value=\"https:\/\/gencdoganyapi.com\/index.php\/satin-alanlar\/\" \/>\n            <input type=\"hidden\" name=\"lead_page_id\" value=\"3555\" \/>\n            <input type=\"hidden\" name=\"webhook\" value=\"false\" \/>\n            <input type=\"hidden\" name=\"webhook_url\" value=\"\" \/>\n            <input type=\"hidden\" name=\"redirect_to\" value=\"\" \/>\n            <input type=\"hidden\" name=\"google_recaptcha\" value=\"false\" \/>\n            \n\n            <div class=\"elementor-form-fields-wrapper elementor-labels-above\">\n\n                                    <div class=\"elementor-field-group elementor-column form-group elementor-field-group-name elementor-col-50\">\n                    <label for=\"form-field-name\" class=\"elementor-field-label elementor-screen-only\">First Name<\/label><input type=\"text\" name=\"first_name\" id=\"form-field-name\" class=\"elementor-field form-control elementor-size-lg elementor-field-textual\" placeholder=\"First Name\" title=\"* First Name\">                    <\/div>\n\n                                        <div class=\"elementor-field-group elementor-column form-group elementor-field-group-cf9d1f2 elementor-col-50\">\n                    <label for=\"form-field-cf9d1f2\" class=\"elementor-field-label elementor-screen-only\">Last name<\/label><input type=\"text\" name=\"last_name\" id=\"form-field-cf9d1f2\" class=\"elementor-field form-control elementor-size-lg elementor-field-textual\" placeholder=\"Last name\" title=\"* Last name\">                    <\/div>\n\n                                        <div class=\"elementor-field-group elementor-column form-group elementor-field-group-email elementor-col-100 elementor-field-required\">\n                    <label for=\"form-field-email\" class=\"elementor-field-label elementor-screen-only\">Email<\/label><input type=\"email\" name=\"email\" id=\"form-field-email\" class=\"elementor-field form-control elementor-size-lg elementor-field-textual\" placeholder=\"Email\" title=\"* Email\" required=\"required\">                    <\/div>\n\n                                        <div class=\"elementor-field-group elementor-column form-group elementor-field-group-message elementor-col-100\">\n                    <label for=\"form-field-message\" class=\"elementor-field-label elementor-screen-only\">Message<\/label><textarea class=\"elementor-field-textual elementor-field elementor-size-lg\" name=\"message\" id=\"form-field-message\" rows=\"4\" placeholder=\"Message\"><\/textarea>                    <\/div>\n\n                    \n                    \n                    \n                    <div class=\"elementor-field-group elementor-column elementor-field-type-submit elementor-col-100\">\n                    <button type=\"submit\" class=\"houzez-submit-button houzez-contact-form-js elementor-button elementor-size-lg\">\n                        <i class=\"btn-loader houzez-loader-js\"><\/i>\n                                                    Schedule a Tour                                            <\/button>\n                <\/div>\n            <\/div><!-- End wrapper-->\n            <br\/>\n            <div class=\"ele-form-messages\"><\/div>\n            <div class=\"error-container\"><\/div>\n\n        <\/form>\n\n    \t\t\t\t<\/div>\n\t\t\t\t<\/div>\n\t\t\t\t\t<\/div>\n\t\t<\/div>\n\t\t\t\t\t<\/div>\n\t\t<\/section>\n\t\t\t\t<div class=\"elementor-element elementor-element-25a2e6f elementor-widget elementor-widget-spacer\" data-id=\"25a2e6f\" data-element_type=\"widget\" data-widget_type=\"spacer.default\">\n\t\t\t\t<div class=\"elementor-widget-container\">\n\t\t\t\t\t\t\t<div class=\"elementor-spacer\">\n\t\t\t<div class=\"elementor-spacer-inner\"><\/div>\n\t\t<\/div>\n\t\t\t\t\t\t<\/div>\n\t\t\t\t<\/div>\n\t\t\t\t\t<\/div>\n\t\t<\/div>\n\t\t\t\t\t<\/div>\n\t\t<\/section>\n\t\t\t\t<\/div>\n\t\t","protected":false},"excerpt":{"rendered":"<p>Sat\u0131n Alanlar Gen\u00e7Do\u011fan Construction FUAT \u00d6Z\u00c7EKER JEOLOJI M\u00dcHENDISI \u201cGen\u00e7do\u011fan Yap\u0131\u2019n\u0131n yeni projesinden bir daire i\u00e7in s\u00f6zle\u015fme imzalad\u0131k. Proje detaylar\u0131 ve planlar\u0131 ger\u00e7ekten \u00e7ok etkileyici. Kullan\u0131lan malzemelerin kalitesine ve firman\u0131n profesyonel yakla\u015f\u0131m\u0131na g\u00fcveniyoruz. S\u00fcrecin ba\u015f\u0131ndan itibaren bize her konuda \u015feffaf bir \u015fekilde bilgi verdiler.\u201d PROF. DR. MUSTAFA ARGA Doktor \u201cGen\u00e7do\u011fan Yap\u0131\u2019dan bir daire sat\u0131n ald\u0131m ve [&hellip;]<\/p>\n","protected":false},"author":1,"featured_media":0,"parent":0,"menu_order":0,"comment_status":"closed","ping_status":"closed","template":"elementor_header_footer","meta":{"footnotes":""},"class_list":["post-3555","page","type-page","status-publish","hentry"],"_links":{"self":[{"href":"https:\/\/gencdoganyapi.com\/index.php\/wp-json\/wp\/v2\/pages\/3555","targetHints":{"allow":["GET"]}}],"collection":[{"href":"https:\/\/gencdoganyapi.com\/index.php\/wp-json\/wp\/v2\/pages"}],"about":[{"href":"https:\/\/gencdoganyapi.com\/index.php\/wp-json\/wp\/v2\/types\/page"}],"author":[{"embeddable":true,"href":"https:\/\/gencdoganyapi.com\/index.php\/wp-json\/wp\/v2\/users\/1"}],"replies":[{"embeddable":true,"href":"https:\/\/gencdoganyapi.com\/index.php\/wp-json\/wp\/v2\/comments?post=3555"}],"version-history":[{"count":10,"href":"https:\/\/gencdoganyapi.com\/index.php\/wp-json\/wp\/v2\/pages\/3555\/revisions"}],"predecessor-version":[{"id":3634,"href":"https:\/\/gencdoganyapi.com\/index.php\/wp-json\/wp\/v2\/pages\/3555\/revisions\/3634"}],"wp:attachment":[{"href":"https:\/\/gencdoganyapi.com\/index.php\/wp-json\/wp\/v2\/media?parent=3555"}],"curies":[{"name":"wp","href":"https:\/\/api.w.org\/{rel}","templated":true}]}}